{"id":917,"date":"2024-06-05T13:30:40","date_gmt":"2024-06-05T13:30:40","guid":{"rendered":"https:\/\/www.economic-instability.com\/?page_id=917"},"modified":"2024-06-06T09:47:19","modified_gmt":"2024-06-06T09:47:19","slug":"chapitre-5-la-macro-dynamique-de-kalecki-cycles-automatiques-stagnation-et-lutte-des-classes","status":"publish","type":"page","link":"https:\/\/www.economic-instability.com\/?page_id=917","title":{"rendered":"Chapitre 5 &#8211; La macro-dynamique de Kalecki : \u00ab cycles automatiques \u00bb, stagnation et lutte des classes"},"content":{"rendered":"<p>Ce chapitre est d\u00e9di\u00e9 au r\u00f4le jou\u00e9 par Michal Kalecki dans le d\u00e9veloppement de la macro-dynamique. Comme Tinbergen, il voit dans les \u00e9quations mixtes en diff\u00e9rences et diff\u00e9rentielles lin\u00e9aires une possibilit\u00e9 d&#8217;expliquer les r\u00e9gularit\u00e9s des<strong>&nbsp;fluctuations \u00e9conomiques<\/strong>. Mais, contrairement \u00e0 l&#8217;\u00e9conomiste n\u00e9erlandais, il voit un moyen d&#8217;articuler cette \u00e9quation \u00e0 une analyse macro\u00e9conomique. La grande avanc\u00e9e de Kalecki est de reconna\u00eetre la pertinence des outils de Tinbergen et de parvenir les utiliser pour rendre compte de la dynamique des agr\u00e9gats.<\/p>\n<p>La proximit\u00e9 formelle qui existe entre les premiers travaux de Kalecki et de Tinbergen r\u00e9v\u00e8le \u00e0 quel point ils pensaient que les ph\u00e9nom\u00e8nes <strong>de croissance et de cycles<\/strong> pouvaient \u00eatre \u00e9tudi\u00e9s s\u00e9par\u00e9ment \u00e0 la diff\u00e9rence de Frisch qui, en r\u00e9f\u00e9rence \u00e0 la th\u00e9orie des processus d&#8217;innovation de Schumpeter, pense que ces deux ph\u00e9nom\u00e8nes \u00e9taient indissociables.<\/p>\n<h4>Posts dans cette section:<\/h4>\n<p>[chapite 5 posts]<\/p>\n<blockquote class=\"wp-embedded-content\" data-secret=\"vYaH7RGNfC\"><p><a href=\"https:\/\/www.economic-instability.com\/?p=543\">Hors des sentiers battus : la position de Lundberg sur le concept d&rsquo;instabilit\u00e9<\/a><\/p><\/blockquote>\n<p><iframe class=\"wp-embedded-content\" sandbox=\"allow-scripts\" security=\"restricted\" style=\"position: absolute; clip: rect(1px, 1px, 1px, 1px);\" title=\"\u00ab\u00a0Hors des sentiers battus : la position de Lundberg sur le concept d&rsquo;instabilit\u00e9\u00a0\u00bb &#8212; Economic (In)stability\" src=\"https:\/\/www.economic-instability.com\/?p=543&#038;embed=true#?secret=AqL75tRqfC#?secret=vYaH7RGNfC\" data-secret=\"vYaH7RGNfC\" width=\"600\" height=\"338\" frameborder=\"0\" marginwidth=\"0\" marginheight=\"0\" scrolling=\"no\"><\/iframe><\/p>\n<blockquote class=\"wp-embedded-content\" data-secret=\"pjqeVglH6I\"><p><a href=\"https:\/\/www.economic-instability.com\/?p=562\">Tinbergen (1936) : Un mod\u00e8le non lin\u00e9aire d&rsquo;effondrement<\/a><\/p><\/blockquote>\n<p><iframe class=\"wp-embedded-content\" sandbox=\"allow-scripts\" security=\"restricted\" style=\"position: absolute; clip: rect(1px, 1px, 1px, 1px);\" title=\"\u00ab\u00a0Tinbergen (1936) : Un mod\u00e8le non lin\u00e9aire d&rsquo;effondrement\u00a0\u00bb &#8212; (In)stabilit\u00e9 \u00c9conomique\" src=\"https:\/\/www.economic-instability.com\/?p=562&#038;embed=true#?secret=9edDRebGpv#?secret=pjqeVglH6I\" data-secret=\"pjqeVglH6I\" width=\"600\" height=\"338\" frameborder=\"0\" marginwidth=\"0\" marginheight=\"0\" scrolling=\"no\"><\/iframe><\/p>\n<blockquote class=\"wp-embedded-content\" data-secret=\"ybGTUaFXRL\"><p><a href=\"https:\/\/www.economic-instability.com\/?p=582\">La macrodynamique au pays des merveilles : la course aux profits chez Kalecki (1933)<\/a><\/p><\/blockquote>\n<p><iframe class=\"wp-embedded-content\" sandbox=\"allow-scripts\" security=\"restricted\" style=\"position: absolute; clip: rect(1px, 1px, 1px, 1px);\" title=\"&#8220;La macrodynamique au pays des merveilles : la course aux profits chez Kalecki (1933)&#8221; &#8212; (In)stabilit\u00e9 \u00c9conomique\" src=\"https:\/\/www.economic-instability.com\/?p=582&#038;embed=true#?secret=Fcag0QjbQc#?secret=ybGTUaFXRL\" data-secret=\"ybGTUaFXRL\" width=\"600\" height=\"338\" frameborder=\"0\" marginwidth=\"0\" marginheight=\"0\" scrolling=\"no\"><\/iframe><\/p>\n","protected":false},"excerpt":{"rendered":"<p>Ce chapitre est d\u00e9di\u00e9 au r\u00f4le jou\u00e9 par Michal Kalecki dans le d\u00e9veloppement de la macro-dynamique. Comme Tinbergen, il voit&hellip;<\/p>\n","protected":false},"author":2,"featured_media":0,"parent":0,"menu_order":0,"comment_status":"closed","ping_status":"closed","template":"","meta":{"_monsterinsights_skip_tracking":false,"_monsterinsights_sitenote_active":false,"_monsterinsights_sitenote_note":"","_monsterinsights_sitenote_category":0,"ngg_post_thumbnail":0,"footnotes":""},"_links":{"self":[{"href":"https:\/\/www.economic-instability.com\/index.php?rest_route=\/wp\/v2\/pages\/917"}],"collection":[{"href":"https:\/\/www.economic-instability.com\/index.php?rest_route=\/wp\/v2\/pages"}],"about":[{"href":"https:\/\/www.economic-instability.com\/index.php?rest_route=\/wp\/v2\/types\/page"}],"author":[{"embeddable":true,"href":"https:\/\/www.economic-instability.com\/index.php?rest_route=\/wp\/v2\/users\/2"}],"replies":[{"embeddable":true,"href":"https:\/\/www.economic-instability.com\/index.php?rest_route=%2Fwp%2Fv2%2Fcomments&post=917"}],"version-history":[{"count":3,"href":"https:\/\/www.economic-instability.com\/index.php?rest_route=\/wp\/v2\/pages\/917\/revisions"}],"predecessor-version":[{"id":1012,"href":"https:\/\/www.economic-instability.com\/index.php?rest_route=\/wp\/v2\/pages\/917\/revisions\/1012"}],"wp:attachment":[{"href":"https:\/\/www.economic-instability.com\/index.php?rest_route=%2Fwp%2Fv2%2Fmedia&parent=917"}],"curies":[{"name":"wp","href":"https:\/\/api.w.org\/{rel}","templated":true}]}}